{"id":7387,"date":"2019-05-11T12:04:32","date_gmt":"2019-05-11T11:04:32","guid":{"rendered":"https:\/\/parisx.me\/?page_id=7387"},"modified":"2019-05-11T12:04:34","modified_gmt":"2019-05-11T11:04:34","slug":"2-2","status":"publish","type":"page","link":"https:\/\/parisx.me\/fr\/2-2\/","title":{"rendered":"LES DEVELOPPEURS"},"content":{"rendered":"[vc_row type=\u00a0\u00bbfull_width_background\u00a0\u00bb full_screen_row_position=\u00a0\u00bbmiddle\u00a0\u00bb bg_color=\u00a0\u00bb#000000&Prime; scene_position=\u00a0\u00bbcenter\u00a0\u00bb text_color=\u00a0\u00bbdark\u00a0\u00bb text_align=\u00a0\u00bbleft\u00a0\u00bb overlay_strength=\u00a0\u00bb0.3&Prime; shape_divider_position=\u00a0\u00bbbottom\u00a0\u00bb bg_image_animation=\u00a0\u00bbnone\u00a0\u00bb shape_type=\u00a0\u00bb\u00a0\u00bb][vc_column column_padding=\u00a0\u00bbno-extra-padding\u00a0\u00bb column_padding_position=\u00a0\u00bball\u00a0\u00bb background_color_opacity=\u00a0\u00bb1&Prime; background_hover_color_opacity=\u00a0\u00bb1&Prime; column_link_target=\u00a0\u00bb_self\u00a0\u00bb column_shadow=\u00a0\u00bbnone\u00a0\u00bb column_border_radius=\u00a0\u00bbnone\u00a0\u00bb width=\u00a0\u00bb1\/1&Prime; tablet_width_inherit=\u00a0\u00bbdefault\u00a0\u00bb tablet_text_alignment=\u00a0\u00bbdefault\u00a0\u00bb phone_text_alignment=\u00a0\u00bbdefault\u00a0\u00bb column_border_width=\u00a0\u00bbnone\u00a0\u00bb column_border_style=\u00a0\u00bbsolid\u00a0\u00bb bg_image_animation=\u00a0\u00bbnone\u00a0\u00bb][vc_column_text css=\u00a0\u00bb.vc_custom_1550663036641{padding-top: 30px !important;}\u00a0\u00bb]\n<h2 style=\"text-align: center;\"><span style=\"color: #b4b4b4;\">LES DEVELOPPEURS<\/span><\/h2>\n[\/vc_column_text][vc_column_text css=\u00a0\u00bb.vc_custom_1550677541138{padding-top: 0px !important;padding-bottom: 40px !important;}\u00a0\u00bb]<span style=\"color: #b4b4b4;\"><span style=\"font-weight: 400;\">Les d\u00e9veloppeurs sont les nouvelles ic\u00f4nes de l\u2019innovation, au c\u0153ur de l\u2019<\/span><span style=\"color: #ffffff;\"><a style=\"color: #ffffff;\" href=\"https:\/\/yfutj.hosts.cx\/2016\/01\/14\/the-new-places-of-technological-life\/\"><span style=\"font-weight: 400;\">apparition des nouveaux objets technologiques<\/span><\/a><\/span><span style=\"font-weight: 400;\"> (drones,imprimante 3D, biotechnologies, etc.) et des nouveaux usages. Souvent install\u00e9s dans les sous-sols r\u00e9nov\u00e9s des entreprises, parfois hackers, partageant leur temps entre travail officiel et projets personnels, ils sortent des normes du management et de l\u2019organisation classique du travail. Leurs comp\u00e9tences ne proviennent pas d\u2019une formation standard, elles sont acquises au fur et \u00e0 mesure de leur<\/span><span style=\"color: #ffffff;\"><a style=\"color: #ffffff;\" href=\"https:\/\/yfutj.hosts.cx\/2015\/11\/14\/francais-etre-developpeur-ce-nest-pas-tant-un-metier-quun-etat-desprit-dexplorateur\/\"> <span style=\"font-weight: 400;\">exploration des nouvelles technologies<\/span><\/a><\/span><span style=\"font-weight: 400;\"><span style=\"color: #ffffff;\">.<\/span> Dans cet ouvrage, je retrace l\u2019histoire des d\u00e9veloppeurs, en d\u00e9cryptant leur mode d\u2019action et de pens\u00e9e et les nouvelles r\u00e8gles de l\u2019innovation. <\/span><\/span><\/p>\n<p><span style=\"color: #b4b4b4;\"><span style=\"font-weight: 400;\">Les d\u00e9veloppeurs sont les pr\u00e9curseurs d\u2019une culture du travail avant-gardiste. L\u2019ouvrage explique leur r\u00f4le dans la nouvelle \u00e9conomie et comment ils parviennent \u00e0 un processus cr\u00e9atif<\/span><span style=\"color: #ffffff;\"><a style=\"color: #ffffff;\" href=\"https:\/\/yfutj.hosts.cx\/2015\/11\/26\/francais-voyage-sur-la-planete-des-developpeurs\/\"> <span style=\"font-weight: 400;\">atypique<\/span><\/a><\/span><span style=\"font-weight: 400;\"> pour fabriquer de meilleures solutions ou projeter de nouveaux r\u00eaves technologiques.<\/span><\/span><\/p>\n<h6><span style=\"color: #ffffff;\"><a style=\"color: #ffffff;\" href=\"https:\/\/yfutj.hosts.cx\/fr\/they-talk-about-it\/\"><b>Voir les \u00e9chos de l\u2019ouvrage.<\/b><\/a><\/span><\/h6>\n[\/vc_column_text][\/vc_column][\/vc_row][vc_row type=\u00a0\u00bbfull_width_background\u00a0\u00bb full_screen_row_position=\u00a0\u00bbmiddle\u00a0\u00bb bg_color=\u00a0\u00bb#b4b4b4&Prime; scene_position=\u00a0\u00bbcenter\u00a0\u00bb text_color=\u00a0\u00bbdark\u00a0\u00bb text_align=\u00a0\u00bbleft\u00a0\u00bb overlay_strength=\u00a0\u00bb0.3&Prime; shape_divider_position=\u00a0\u00bbbottom\u00a0\u00bb bg_image_animation=\u00a0\u00bbnone\u00a0\u00bb shape_type=\u00a0\u00bb\u00a0\u00bb][vc_column column_padding=\u00a0\u00bbno-extra-padding\u00a0\u00bb column_padding_position=\u00a0\u00bball\u00a0\u00bb background_color_opacity=\u00a0\u00bb1&Prime; background_hover_color_opacity=\u00a0\u00bb1&Prime; column_link_target=\u00a0\u00bb_self\u00a0\u00bb column_shadow=\u00a0\u00bbnone\u00a0\u00bb column_border_radius=\u00a0\u00bbnone\u00a0\u00bb top_margin=\u00a0\u00bb20&Prime; bottom_margin=\u00a0\u00bb20&Prime; width=\u00a0\u00bb1\/2&Prime; tablet_width_inherit=\u00a0\u00bbdefault\u00a0\u00bb tablet_text_alignment=\u00a0\u00bbdefault\u00a0\u00bb phone_text_alignment=\u00a0\u00bbdefault\u00a0\u00bb column_border_width=\u00a0\u00bbnone\u00a0\u00bb column_border_style=\u00a0\u00bbsolid\u00a0\u00bb bg_image_animation=\u00a0\u00bbnone\u00a0\u00bb][nectar_video_lightbox link_style=\u00a0\u00bbplay_button_with_text\u00a0\u00bb nectar_play_button_color=\u00a0\u00bbExtra-Color-1&Prime; font_style=\u00a0\u00bbp\u00a0\u00bb video_url=\u00a0\u00bbhttps:\/\/www.youtube.com\/watch?v=4OhXbRXPrZQ\u00a0\u00bb link_text=\u00a0\u00bbLa transformation num\u00e9rique ne sera pas faite par des robots\u00a0\u00bb][\/vc_column][vc_column column_padding=\u00a0\u00bbno-extra-padding\u00a0\u00bb column_padding_position=\u00a0\u00bball\u00a0\u00bb background_color_opacity=\u00a0\u00bb1&Prime; background_hover_color_opacity=\u00a0\u00bb1&Prime; column_link_target=\u00a0\u00bb_self\u00a0\u00bb column_shadow=\u00a0\u00bbnone\u00a0\u00bb column_border_radius=\u00a0\u00bbnone\u00a0\u00bb top_margin=\u00a0\u00bb20&Prime; bottom_margin=\u00a0\u00bb20&Prime; width=\u00a0\u00bb1\/2&Prime; tablet_width_inherit=\u00a0\u00bbdefault\u00a0\u00bb tablet_text_alignment=\u00a0\u00bbdefault\u00a0\u00bb phone_text_alignment=\u00a0\u00bbdefault\u00a0\u00bb column_border_width=\u00a0\u00bbnone\u00a0\u00bb column_border_style=\u00a0\u00bbsolid\u00a0\u00bb bg_image_animation=\u00a0\u00bbnone\u00a0\u00bb][nectar_video_lightbox link_style=\u00a0\u00bbplay_button_with_text\u00a0\u00bb nectar_play_button_color=\u00a0\u00bbExtra-Color-1&Prime; font_style=\u00a0\u00bbp\u00a0\u00bb video_url=\u00a0\u00bbhttps:\/\/www.youtube.com\/watch?v=BZ-JNVWmoBI\u00a0\u00bb link_text=\u00a0\u00bbRegards sur \u00ab Les D\u00e9veloppeurs \u00bb de Paris Chrysos\u00a0\u00bb][\/vc_column][\/vc_row][vc_row type=\u00a0\u00bbfull_width_content\u00a0\u00bb full_screen_row_position=\u00a0\u00bbmiddle\u00a0\u00bb bg_color=\u00a0\u00bb#000000&Prime; scene_position=\u00a0\u00bbcenter\u00a0\u00bb text_color=\u00a0\u00bbdark\u00a0\u00bb text_align=\u00a0\u00bbleft\u00a0\u00bb overlay_strength=\u00a0\u00bb0.3&Prime; shape_divider_position=\u00a0\u00bbbottom\u00a0\u00bb bg_image_animation=\u00a0\u00bbnone\u00a0\u00bb shape_type=\u00a0\u00bb\u00a0\u00bb][vc_column column_padding=\u00a0\u00bbno-extra-padding\u00a0\u00bb column_padding_position=\u00a0\u00bball\u00a0\u00bb background_color_opacity=\u00a0\u00bb1&Prime; background_hover_color_opacity=\u00a0\u00bb1&Prime; column_link_target=\u00a0\u00bb_self\u00a0\u00bb column_shadow=\u00a0\u00bbnone\u00a0\u00bb column_border_radius=\u00a0\u00bbnone\u00a0\u00bb width=\u00a0\u00bb1\/1&Prime; tablet_width_inherit=\u00a0\u00bbdefault\u00a0\u00bb tablet_text_alignment=\u00a0\u00bbdefault\u00a0\u00bb phone_text_alignment=\u00a0\u00bbdefault\u00a0\u00bb column_border_width=\u00a0\u00bbnone\u00a0\u00bb column_border_style=\u00a0\u00bbsolid\u00a0\u00bb bg_image_animation=\u00a0\u00bbnone\u00a0\u00bb][vc_column_text]<div class=\"real3dflipbook\" id=\"1_69d670e2cd5cb\" style=\"position:absolute;\"><\/div>[\/vc_column_text][\/vc_column][\/vc_row]\n","protected":false},"excerpt":{"rendered":"<p>[vc_row type=\u00a0\u00bbfull_width_background\u00a0\u00bb full_screen_row_position=\u00a0\u00bbmiddle\u00a0\u00bb bg_color=\u00a0\u00bb#000000&Prime; scene_position=\u00a0\u00bbcenter\u00a0\u00bb text_color=\u00a0\u00bbdark\u00a0\u00bb text_align=\u00a0\u00bbleft\u00a0\u00bb overlay_strength=\u00a0\u00bb0.3&Prime; shape_divider_position=\u00a0\u00bbbottom\u00a0\u00bb bg_image_animation=\u00a0\u00bbnone\u00a0\u00bb shape_type=\u00a0\u00bb\u00a0\u00bb][vc_column column_padding=\u00a0\u00bbno-extra-padding\u00a0\u00bb column_padding_position=\u00a0\u00bball\u00a0\u00bb background_color_opacity=\u00a0\u00bb1&Prime; background_hover_color_opacity=\u00a0\u00bb1&Prime; column_link_target=\u00a0\u00bb_self\u00a0\u00bb column_shadow=\u00a0\u00bbnone\u00a0\u00bb column_border_radius=\u00a0\u00bbnone\u00a0\u00bb width=\u00a0\u00bb1\/1&Prime; tablet_width_inherit=\u00a0\u00bbdefault\u00a0\u00bb tablet_text_alignment=\u00a0\u00bbdefault\u00a0\u00bb phone_text_alignment=\u00a0\u00bbdefault\u00a0\u00bb column_border_width=\u00a0\u00bbnone\u00a0\u00bb column_border_style=\u00a0\u00bbsolid\u00a0\u00bb bg_image_animation=\u00a0\u00bbnone\u00a0\u00bb][vc_column_text&#8230;<\/p>\n","protected":false},"author":2,"featured_media":0,"parent":0,"menu_order":0,"comment_status":"closed","ping_status":"closed","template":"","meta":{"footnotes":""},"class_list":["post-7387","page","type-page","status-publish"],"yoast_head":"<!-- This site is optimized with the Yoast SEO plugin v26.1.1 - https:\/\/yoast.com\/wordpress\/plugins\/seo\/ -->\n<title>LES DEVELOPPEURS - Paris Chrysos<\/title>\n<meta name=\"robots\" content=\"index, follow, max-snippet:-1, max-image-preview:large, max-video-preview:-1\" \/>\n<link rel=\"canonical\" href=\"https:\/\/parisx.me\/fr\/2-2\/\" \/>\n<meta property=\"og:locale\" content=\"fr_FR\" \/>\n<meta property=\"og:type\" content=\"article\" \/>\n<meta property=\"og:title\" content=\"LES DEVELOPPEURS - Paris Chrysos\" \/>\n<meta property=\"og:description\" content=\"[vc_row type=\u00a0\u00bbfull_width_background\u00a0\u00bb full_screen_row_position=\u00a0\u00bbmiddle\u00a0\u00bb bg_color=\u00a0\u00bb#000000&Prime; scene_position=\u00a0\u00bbcenter\u00a0\u00bb text_color=\u00a0\u00bbdark\u00a0\u00bb text_align=\u00a0\u00bbleft\u00a0\u00bb overlay_strength=\u00a0\u00bb0.3&Prime; shape_divider_position=\u00a0\u00bbbottom\u00a0\u00bb bg_image_animation=\u00a0\u00bbnone\u00a0\u00bb shape_type=\u00a0\u00bb\u00a0\u00bb][vc_column column_padding=\u00a0\u00bbno-extra-padding\u00a0\u00bb column_padding_position=\u00a0\u00bball\u00a0\u00bb background_color_opacity=\u00a0\u00bb1&Prime; background_hover_color_opacity=\u00a0\u00bb1&Prime; column_link_target=\u00a0\u00bb_self\u00a0\u00bb column_shadow=\u00a0\u00bbnone\u00a0\u00bb column_border_radius=\u00a0\u00bbnone\u00a0\u00bb width=\u00a0\u00bb1\/1&Prime; tablet_width_inherit=\u00a0\u00bbdefault\u00a0\u00bb tablet_text_alignment=\u00a0\u00bbdefault\u00a0\u00bb phone_text_alignment=\u00a0\u00bbdefault\u00a0\u00bb column_border_width=\u00a0\u00bbnone\u00a0\u00bb column_border_style=\u00a0\u00bbsolid\u00a0\u00bb bg_image_animation=\u00a0\u00bbnone\u00a0\u00bb][vc_column_text...\" \/>\n<meta property=\"og:url\" content=\"https:\/\/parisx.me\/fr\/2-2\/\" \/>\n<meta property=\"og:site_name\" content=\"Paris Chrysos\" \/>\n<meta property=\"article:modified_time\" content=\"2019-05-11T11:04:34+00:00\" \/>\n<meta name=\"twitter:card\" content=\"summary_large_image\" \/>\n<meta name=\"twitter:label1\" content=\"Dur\u00e9e de lecture estim\u00e9e\" \/>\n\t<meta name=\"twitter:data1\" content=\"3 minutes\" \/>\n<script type=\"application\/ld+json\" class=\"yoast-schema-graph\">{\"@context\":\"https:\/\/schema.org\",\"@graph\":[{\"@type\":\"WebPage\",\"@id\":\"https:\/\/parisx.me\/fr\/2-2\/\",\"url\":\"https:\/\/parisx.me\/fr\/2-2\/\",\"name\":\"LES DEVELOPPEURS - Paris Chrysos\",\"isPartOf\":{\"@id\":\"https:\/\/parisx.me\/en\/#website\"},\"datePublished\":\"2019-05-11T11:04:32+00:00\",\"dateModified\":\"2019-05-11T11:04:34+00:00\",\"breadcrumb\":{\"@id\":\"https:\/\/parisx.me\/fr\/2-2\/#breadcrumb\"},\"inLanguage\":\"fr-FR\",\"potentialAction\":[{\"@type\":\"ReadAction\",\"target\":[\"https:\/\/parisx.me\/fr\/2-2\/\"]}]},{\"@type\":\"BreadcrumbList\",\"@id\":\"https:\/\/parisx.me\/fr\/2-2\/#breadcrumb\",\"itemListElement\":[{\"@type\":\"ListItem\",\"position\":1,\"name\":\"Home\",\"item\":\"https:\/\/parisx.me\/fr\/\"},{\"@type\":\"ListItem\",\"position\":2,\"name\":\"LES DEVELOPPEURS\"}]},{\"@type\":\"WebSite\",\"@id\":\"https:\/\/parisx.me\/en\/#website\",\"url\":\"https:\/\/parisx.me\/en\/\",\"name\":\"Paris Chrysos\",\"description\":\"Personal Website\",\"potentialAction\":[{\"@type\":\"SearchAction\",\"target\":{\"@type\":\"EntryPoint\",\"urlTemplate\":\"https:\/\/parisx.me\/en\/?s={search_term_string}\"},\"query-input\":{\"@type\":\"PropertyValueSpecification\",\"valueRequired\":true,\"valueName\":\"search_term_string\"}}],\"inLanguage\":\"fr-FR\"}]}<\/script>\n<!-- \/ Yoast SEO plugin. -->","yoast_head_json":{"title":"LES DEVELOPPEURS - Paris Chrysos","robots":{"index":"index","follow":"follow","max-snippet":"max-snippet:-1","max-image-preview":"max-image-preview:large","max-video-preview":"max-video-preview:-1"},"canonical":"https:\/\/parisx.me\/fr\/2-2\/","og_locale":"fr_FR","og_type":"article","og_title":"LES DEVELOPPEURS - Paris Chrysos","og_description":"[vc_row type=\u00a0\u00bbfull_width_background\u00a0\u00bb full_screen_row_position=\u00a0\u00bbmiddle\u00a0\u00bb bg_color=\u00a0\u00bb#000000&Prime; scene_position=\u00a0\u00bbcenter\u00a0\u00bb text_color=\u00a0\u00bbdark\u00a0\u00bb text_align=\u00a0\u00bbleft\u00a0\u00bb overlay_strength=\u00a0\u00bb0.3&Prime; shape_divider_position=\u00a0\u00bbbottom\u00a0\u00bb bg_image_animation=\u00a0\u00bbnone\u00a0\u00bb shape_type=\u00a0\u00bb\u00a0\u00bb][vc_column column_padding=\u00a0\u00bbno-extra-padding\u00a0\u00bb column_padding_position=\u00a0\u00bball\u00a0\u00bb background_color_opacity=\u00a0\u00bb1&Prime; background_hover_color_opacity=\u00a0\u00bb1&Prime; column_link_target=\u00a0\u00bb_self\u00a0\u00bb column_shadow=\u00a0\u00bbnone\u00a0\u00bb column_border_radius=\u00a0\u00bbnone\u00a0\u00bb width=\u00a0\u00bb1\/1&Prime; tablet_width_inherit=\u00a0\u00bbdefault\u00a0\u00bb tablet_text_alignment=\u00a0\u00bbdefault\u00a0\u00bb phone_text_alignment=\u00a0\u00bbdefault\u00a0\u00bb column_border_width=\u00a0\u00bbnone\u00a0\u00bb column_border_style=\u00a0\u00bbsolid\u00a0\u00bb bg_image_animation=\u00a0\u00bbnone\u00a0\u00bb][vc_column_text...","og_url":"https:\/\/parisx.me\/fr\/2-2\/","og_site_name":"Paris Chrysos","article_modified_time":"2019-05-11T11:04:34+00:00","twitter_card":"summary_large_image","twitter_misc":{"Dur\u00e9e de lecture estim\u00e9e":"3 minutes"},"schema":{"@context":"https:\/\/schema.org","@graph":[{"@type":"WebPage","@id":"https:\/\/parisx.me\/fr\/2-2\/","url":"https:\/\/parisx.me\/fr\/2-2\/","name":"LES DEVELOPPEURS - Paris Chrysos","isPartOf":{"@id":"https:\/\/parisx.me\/en\/#website"},"datePublished":"2019-05-11T11:04:32+00:00","dateModified":"2019-05-11T11:04:34+00:00","breadcrumb":{"@id":"https:\/\/parisx.me\/fr\/2-2\/#breadcrumb"},"inLanguage":"fr-FR","potentialAction":[{"@type":"ReadAction","target":["https:\/\/parisx.me\/fr\/2-2\/"]}]},{"@type":"BreadcrumbList","@id":"https:\/\/parisx.me\/fr\/2-2\/#breadcrumb","itemListElement":[{"@type":"ListItem","position":1,"name":"Home","item":"https:\/\/parisx.me\/fr\/"},{"@type":"ListItem","position":2,"name":"LES DEVELOPPEURS"}]},{"@type":"WebSite","@id":"https:\/\/parisx.me\/en\/#website","url":"https:\/\/parisx.me\/en\/","name":"Paris Chrysos","description":"Personal Website","potentialAction":[{"@type":"SearchAction","target":{"@type":"EntryPoint","urlTemplate":"https:\/\/parisx.me\/en\/?s={search_term_string}"},"query-input":{"@type":"PropertyValueSpecification","valueRequired":true,"valueName":"search_term_string"}}],"inLanguage":"fr-FR"}]}},"_links":{"self":[{"href":"https:\/\/parisx.me\/fr\/wp-json\/wp\/v2\/pages\/7387","targetHints":{"allow":["GET"]}}],"collection":[{"href":"https:\/\/parisx.me\/fr\/wp-json\/wp\/v2\/pages"}],"about":[{"href":"https:\/\/parisx.me\/fr\/wp-json\/wp\/v2\/types\/page"}],"author":[{"embeddable":true,"href":"https:\/\/parisx.me\/fr\/wp-json\/wp\/v2\/users\/2"}],"replies":[{"embeddable":true,"href":"https:\/\/parisx.me\/fr\/wp-json\/wp\/v2\/comments?post=7387"}],"version-history":[{"count":1,"href":"https:\/\/parisx.me\/fr\/wp-json\/wp\/v2\/pages\/7387\/revisions"}],"predecessor-version":[{"id":7389,"href":"https:\/\/parisx.me\/fr\/wp-json\/wp\/v2\/pages\/7387\/revisions\/7389"}],"wp:attachment":[{"href":"https:\/\/parisx.me\/fr\/wp-json\/wp\/v2\/media?parent=7387"}],"curies":[{"name":"wp","href":"https:\/\/api.w.org\/{rel}","templated":true}]}}