{"id":7092,"date":"2019-02-28T12:58:31","date_gmt":"2019-02-28T11:58:31","guid":{"rendered":"\/?page_id=7092"},"modified":"2019-03-08T09:23:17","modified_gmt":"2019-03-08T08:23:17","slug":"contemporaryepistemology","status":"publish","type":"page","link":"https:\/\/parisx.me\/fr\/contemporaryepistemology\/","title":{"rendered":"L\u2019AVENTURE EPISTEMOLOGIQUE CONTEMPORAINE"},"content":{"rendered":"[vc_row type=\u00a0\u00bbfull_width_background\u00a0\u00bb full_screen_row_position=\u00a0\u00bbmiddle\u00a0\u00bb bg_color=\u00a0\u00bb#000000&Prime; scene_position=\u00a0\u00bbcenter\u00a0\u00bb text_color=\u00a0\u00bbdark\u00a0\u00bb text_align=\u00a0\u00bbleft\u00a0\u00bb overlay_strength=\u00a0\u00bb0.3&Prime; shape_divider_position=\u00a0\u00bbbottom\u00a0\u00bb bg_image_animation=\u00a0\u00bbnone\u00a0\u00bb shape_type=\u00a0\u00bb\u00a0\u00bb][vc_column column_padding=\u00a0\u00bbno-extra-padding\u00a0\u00bb column_padding_position=\u00a0\u00bball\u00a0\u00bb background_color_opacity=\u00a0\u00bb1&Prime; background_hover_color_opacity=\u00a0\u00bb1&Prime; column_link_target=\u00a0\u00bb_self\u00a0\u00bb column_shadow=\u00a0\u00bbnone\u00a0\u00bb column_border_radius=\u00a0\u00bbnone\u00a0\u00bb width=\u00a0\u00bb1\/1&Prime; tablet_width_inherit=\u00a0\u00bbdefault\u00a0\u00bb tablet_text_alignment=\u00a0\u00bbdefault\u00a0\u00bb phone_text_alignment=\u00a0\u00bbdefault\u00a0\u00bb column_border_width=\u00a0\u00bbnone\u00a0\u00bb column_border_style=\u00a0\u00bbsolid\u00a0\u00bb bg_image_animation=\u00a0\u00bbnone\u00a0\u00bb][vc_column_text css=\u00a0\u00bb.vc_custom_1550662312720{padding-top: 50px !important;}\u00a0\u00bb]\n<h2 style=\"text-align: center;\"><span style=\"color: #b4b4b4;\">L\u2019AVENTURE \u00c9PIST\u00c9MOLOGIQUE CONTEMPORAINE<\/span><\/h2>\n<h3 style=\"text-align: center;\"><span style=\"color: #b4b4b4;\">Rencontres autour des travaux d&rsquo;Anne-Fran\u00e7oise Schmit<br \/>\n<\/span><\/h3>\n[\/vc_column_text][vc_column_text css=\u00a0\u00bb.vc_custom_1550662531272{padding-bottom: 100px !important;}\u00a0\u00bb]\n<p style=\"text-align: center;\"><span style=\"font-weight: 400; color: #b4b4b4;\"><a href=\"https:\/\/www.editionskime.fr\/publications\/laventure-epistemologique-contemporaine\/\" target=\"_blank\" rel=\"noopener noreferrer\">\u00c9ditions Kim\u00e9<\/a>, 2019, 364 pages. <\/span><\/p>\n<p style=\"text-align: center;\"><span style=\"font-weight: 400; color: #b4b4b4;\">Coordination: Paris Chrysos et Annie Gent\u00e8s.<\/span><\/p>\n<p>&nbsp;<\/p>\n<p><span style=\"font-weight: 400; color: #b4b4b4;\">Les rencontres avec les travaux d&rsquo;Anne-Fran\u00e7oise Schmid que pr\u00e9sente cet ouvrage, mettent la philosophie g\u00e9n\u00e9rique au coeur des pratiques contemporaines des sciences, ouvrant ainsi une nouvelle voie pour la cr\u00e9ation \u00e9pist\u00e9mologique.<\/span><\/p>\n<p><span style=\"font-weight: 400; color: #b4b4b4;\">&#8211; Comment produire une description non disciplinaire des sciences ?<\/span><\/p>\n<p><span style=\"font-weight: 400; color: #b4b4b4;\">&#8211; Qu\u2019est-ce qui permet aux sciences d\u2019\u00eatre conceptives ?<\/span><\/p>\n<p><span style=\"font-weight: 400; color: #b4b4b4;\">&#8211; De quoi a-t-on besoin pour une science sans exclusions ?<\/span><\/p>\n<p><span style=\"font-weight: 400; color: #b4b4b4;\">&#8211; Quels sont les nouveaux op\u00e9rateurs de rigueur des sciences contemporaines ?<\/span><\/p>\n<p><span style=\"font-weight: 400; color: #b4b4b4;\">Les travaux d\u2019Anne-Fran\u00e7oise Schmid montrent que les objets contemporains des sciences ne se pr\u00eatent pas \u00e0 des d\u00e9finitions standard, et que les convergences de perspectives disciplinaires ne permettent pas non plus d\u2019assurer un point de vue th\u00e9orique unifi\u00e9, mais seulement des trajectoires particuli\u00e8res et multiples. Il n\u2019y a pas d\u2019objet sans rapport \u00e0 l\u2019objet. Ce rapport n\u2019est pas simplement une mise en contexte, elle met en jeu l\u2019intime et l\u2019intention des chercheurs. Les disciplines cachent cet aspect.<\/span><\/p>\n<p><span style=\"font-weight: 400; color: #b4b4b4;\">Sa philosophie travaille \u00e0 la mise en lumi\u00e8re des op\u00e9rations qui permettent l\u2019ouverture d\u2019un espace g\u00e9n\u00e9rique : c\u2019est-\u00e0-dire un espace qui ne d\u00e9pend pas d\u2019une seule discipline et qui est condition d\u2019une nouvelle mise en relation des concepts d\u2019humain et de sciences.<\/span><\/p>\n<p><span style=\"font-weight: 400; color: #b4b4b4;\">Les contributions de cet ouvrage mettent en \u00e9vidence des nouvelles logiques de d\u00e9coupage, de r\u00e9articulation et d\u2019invention de concepts dans une grande diversit\u00e9 de champs disciplinaires.<\/span><\/p>\n<p>&nbsp;<\/p>\n<p><span style=\"font-weight: 400; color: #b4b4b4;\">Avec les contributions de Paris Chrysos, L\u00e9o Coutellec, Jean-Claude Dumoncel, Annie Gent\u00e8s, Armand Hatchuel, Fran\u00e7ois Laruelle, Robin Mackay, Muriel Mambrini-Doudet, Nicole Mathieu, Avner Perez, Marie-Genevi\u00e8ve Pinsart, Enrique Sanchez-Albarracin, Oliver Schlaudt, Anne-Fran\u00e7oise Schmid<\/span><\/p>\n<p><span style=\"font-weight: 400; color: #b4b4b4;\">et le soutien de <a href=\"https:\/\/www.mines-paristech.fr\/\" target=\"_blank\" rel=\"noopener noreferrer\">Mines-ParisTech<\/a>, <a href=\"https:\/\/www.telecom-paristech.fr\/\" target=\"_blank\" rel=\"noopener noreferrer\">T\u00e9l\u00e9com-ParisTech<\/a> et <a href=\"https:\/\/www.iscparis.com\/\" target=\"_blank\" rel=\"noopener noreferrer\">ISC Paris<\/a>.<\/span>[\/vc_column_text][\/vc_column][\/vc_row][vc_row type=\u00a0\u00bbfull_width_content\u00a0\u00bb full_screen_row_position=\u00a0\u00bbmiddle\u00a0\u00bb bg_color=\u00a0\u00bb#000000&Prime; scene_position=\u00a0\u00bbcenter\u00a0\u00bb text_color=\u00a0\u00bbdark\u00a0\u00bb text_align=\u00a0\u00bbleft\u00a0\u00bb overlay_strength=\u00a0\u00bb0.3&Prime; shape_divider_position=\u00a0\u00bbbottom\u00a0\u00bb bg_image_animation=\u00a0\u00bbnone\u00a0\u00bb shape_type=\u00a0\u00bb\u00a0\u00bb][vc_column column_padding=\u00a0\u00bbno-extra-padding\u00a0\u00bb column_padding_position=\u00a0\u00bball\u00a0\u00bb background_color_opacity=\u00a0\u00bb1&Prime; background_hover_color_opacity=\u00a0\u00bb1&Prime; column_link_target=\u00a0\u00bb_self\u00a0\u00bb column_shadow=\u00a0\u00bbnone\u00a0\u00bb column_border_radius=\u00a0\u00bbnone\u00a0\u00bb width=\u00a0\u00bb1\/1&Prime; tablet_width_inherit=\u00a0\u00bbdefault\u00a0\u00bb tablet_text_alignment=\u00a0\u00bbdefault\u00a0\u00bb phone_text_alignment=\u00a0\u00bbdefault\u00a0\u00bb column_border_width=\u00a0\u00bbnone\u00a0\u00bb column_border_style=\u00a0\u00bbsolid\u00a0\u00bb bg_image_animation=\u00a0\u00bbnone\u00a0\u00bb][vc_column_text]<div class=\"real3dflipbook\" id=\"2_69ded9656842c\" style=\"position:absolute;\"><\/div>[\/vc_column_text][\/vc_column][\/vc_row]\n","protected":false},"excerpt":{"rendered":"<p>[vc_row type=\u00a0\u00bbfull_width_background\u00a0\u00bb full_screen_row_position=\u00a0\u00bbmiddle\u00a0\u00bb bg_color=\u00a0\u00bb#000000&Prime; scene_position=\u00a0\u00bbcenter\u00a0\u00bb text_color=\u00a0\u00bbdark\u00a0\u00bb text_align=\u00a0\u00bbleft\u00a0\u00bb overlay_strength=\u00a0\u00bb0.3&Prime; shape_divider_position=\u00a0\u00bbbottom\u00a0\u00bb bg_image_animation=\u00a0\u00bbnone\u00a0\u00bb shape_type=\u00a0\u00bb\u00a0\u00bb][vc_column column_padding=\u00a0\u00bbno-extra-padding\u00a0\u00bb column_padding_position=\u00a0\u00bball\u00a0\u00bb background_color_opacity=\u00a0\u00bb1&Prime; background_hover_color_opacity=\u00a0\u00bb1&Prime; column_link_target=\u00a0\u00bb_self\u00a0\u00bb column_shadow=\u00a0\u00bbnone\u00a0\u00bb column_border_radius=\u00a0\u00bbnone\u00a0\u00bb width=\u00a0\u00bb1\/1&Prime; tablet_width_inherit=\u00a0\u00bbdefault\u00a0\u00bb tablet_text_alignment=\u00a0\u00bbdefault\u00a0\u00bb phone_text_alignment=\u00a0\u00bbdefault\u00a0\u00bb column_border_width=\u00a0\u00bbnone\u00a0\u00bb column_border_style=\u00a0\u00bbsolid\u00a0\u00bb bg_image_animation=\u00a0\u00bbnone\u00a0\u00bb][vc_column_text&#8230;<\/p>\n","protected":false},"author":3,"featured_media":0,"parent":0,"menu_order":0,"comment_status":"closed","ping_status":"closed","template":"","meta":{"footnotes":""},"class_list":["post-7092","page","type-page","status-publish"],"yoast_head":"<!-- This site is optimized with the Yoast SEO plugin v26.1.1 - https:\/\/yoast.com\/wordpress\/plugins\/seo\/ -->\n<title>L\u2019AVENTURE EPISTEMOLOGIQUE CONTEMPORAINE - Paris Chrysos<\/title>\n<meta name=\"robots\" content=\"index, follow, max-snippet:-1, max-image-preview:large, max-video-preview:-1\" \/>\n<link rel=\"canonical\" href=\"https:\/\/parisx.me\/fr\/contemporaryepistemology\/\" \/>\n<meta property=\"og:locale\" content=\"fr_FR\" \/>\n<meta property=\"og:type\" content=\"article\" \/>\n<meta property=\"og:title\" content=\"L\u2019AVENTURE EPISTEMOLOGIQUE CONTEMPORAINE - Paris Chrysos\" \/>\n<meta property=\"og:description\" content=\"[vc_row type=\u00a0\u00bbfull_width_background\u00a0\u00bb full_screen_row_position=\u00a0\u00bbmiddle\u00a0\u00bb bg_color=\u00a0\u00bb#000000&Prime; scene_position=\u00a0\u00bbcenter\u00a0\u00bb text_color=\u00a0\u00bbdark\u00a0\u00bb text_align=\u00a0\u00bbleft\u00a0\u00bb overlay_strength=\u00a0\u00bb0.3&Prime; shape_divider_position=\u00a0\u00bbbottom\u00a0\u00bb bg_image_animation=\u00a0\u00bbnone\u00a0\u00bb shape_type=\u00a0\u00bb\u00a0\u00bb][vc_column column_padding=\u00a0\u00bbno-extra-padding\u00a0\u00bb column_padding_position=\u00a0\u00bball\u00a0\u00bb background_color_opacity=\u00a0\u00bb1&Prime; background_hover_color_opacity=\u00a0\u00bb1&Prime; column_link_target=\u00a0\u00bb_self\u00a0\u00bb column_shadow=\u00a0\u00bbnone\u00a0\u00bb column_border_radius=\u00a0\u00bbnone\u00a0\u00bb width=\u00a0\u00bb1\/1&Prime; tablet_width_inherit=\u00a0\u00bbdefault\u00a0\u00bb tablet_text_alignment=\u00a0\u00bbdefault\u00a0\u00bb phone_text_alignment=\u00a0\u00bbdefault\u00a0\u00bb column_border_width=\u00a0\u00bbnone\u00a0\u00bb column_border_style=\u00a0\u00bbsolid\u00a0\u00bb bg_image_animation=\u00a0\u00bbnone\u00a0\u00bb][vc_column_text...\" \/>\n<meta property=\"og:url\" content=\"https:\/\/parisx.me\/fr\/contemporaryepistemology\/\" \/>\n<meta property=\"og:site_name\" content=\"Paris Chrysos\" \/>\n<meta property=\"article:modified_time\" content=\"2019-03-08T08:23:17+00:00\" \/>\n<meta name=\"twitter:card\" content=\"summary_large_image\" \/>\n<meta name=\"twitter:label1\" content=\"Dur\u00e9e de lecture estim\u00e9e\" \/>\n\t<meta name=\"twitter:data1\" content=\"3 minutes\" \/>\n<script type=\"application\/ld+json\" class=\"yoast-schema-graph\">{\"@context\":\"https:\/\/schema.org\",\"@graph\":[{\"@type\":\"WebPage\",\"@id\":\"https:\/\/parisx.me\/fr\/contemporaryepistemology\/\",\"url\":\"https:\/\/parisx.me\/fr\/contemporaryepistemology\/\",\"name\":\"L\u2019AVENTURE EPISTEMOLOGIQUE CONTEMPORAINE - Paris Chrysos\",\"isPartOf\":{\"@id\":\"https:\/\/parisx.me\/en\/#website\"},\"datePublished\":\"2019-02-28T11:58:31+00:00\",\"dateModified\":\"2019-03-08T08:23:17+00:00\",\"breadcrumb\":{\"@id\":\"https:\/\/parisx.me\/fr\/contemporaryepistemology\/#breadcrumb\"},\"inLanguage\":\"fr-FR\",\"potentialAction\":[{\"@type\":\"ReadAction\",\"target\":[\"https:\/\/parisx.me\/fr\/contemporaryepistemology\/\"]}]},{\"@type\":\"BreadcrumbList\",\"@id\":\"https:\/\/parisx.me\/fr\/contemporaryepistemology\/#breadcrumb\",\"itemListElement\":[{\"@type\":\"ListItem\",\"position\":1,\"name\":\"Home\",\"item\":\"https:\/\/parisx.me\/fr\/\"},{\"@type\":\"ListItem\",\"position\":2,\"name\":\"L\u2019AVENTURE EPISTEMOLOGIQUE CONTEMPORAINE\"}]},{\"@type\":\"WebSite\",\"@id\":\"https:\/\/parisx.me\/en\/#website\",\"url\":\"https:\/\/parisx.me\/en\/\",\"name\":\"Paris Chrysos\",\"description\":\"Personal Website\",\"potentialAction\":[{\"@type\":\"SearchAction\",\"target\":{\"@type\":\"EntryPoint\",\"urlTemplate\":\"https:\/\/parisx.me\/en\/?s={search_term_string}\"},\"query-input\":{\"@type\":\"PropertyValueSpecification\",\"valueRequired\":true,\"valueName\":\"search_term_string\"}}],\"inLanguage\":\"fr-FR\"}]}<\/script>\n<!-- \/ Yoast SEO plugin. -->","yoast_head_json":{"title":"L\u2019AVENTURE EPISTEMOLOGIQUE CONTEMPORAINE - Paris Chrysos","robots":{"index":"index","follow":"follow","max-snippet":"max-snippet:-1","max-image-preview":"max-image-preview:large","max-video-preview":"max-video-preview:-1"},"canonical":"https:\/\/parisx.me\/fr\/contemporaryepistemology\/","og_locale":"fr_FR","og_type":"article","og_title":"L\u2019AVENTURE EPISTEMOLOGIQUE CONTEMPORAINE - Paris Chrysos","og_description":"[vc_row type=\u00a0\u00bbfull_width_background\u00a0\u00bb full_screen_row_position=\u00a0\u00bbmiddle\u00a0\u00bb bg_color=\u00a0\u00bb#000000&Prime; scene_position=\u00a0\u00bbcenter\u00a0\u00bb text_color=\u00a0\u00bbdark\u00a0\u00bb text_align=\u00a0\u00bbleft\u00a0\u00bb overlay_strength=\u00a0\u00bb0.3&Prime; shape_divider_position=\u00a0\u00bbbottom\u00a0\u00bb bg_image_animation=\u00a0\u00bbnone\u00a0\u00bb shape_type=\u00a0\u00bb\u00a0\u00bb][vc_column column_padding=\u00a0\u00bbno-extra-padding\u00a0\u00bb column_padding_position=\u00a0\u00bball\u00a0\u00bb background_color_opacity=\u00a0\u00bb1&Prime; background_hover_color_opacity=\u00a0\u00bb1&Prime; column_link_target=\u00a0\u00bb_self\u00a0\u00bb column_shadow=\u00a0\u00bbnone\u00a0\u00bb column_border_radius=\u00a0\u00bbnone\u00a0\u00bb width=\u00a0\u00bb1\/1&Prime; tablet_width_inherit=\u00a0\u00bbdefault\u00a0\u00bb tablet_text_alignment=\u00a0\u00bbdefault\u00a0\u00bb phone_text_alignment=\u00a0\u00bbdefault\u00a0\u00bb column_border_width=\u00a0\u00bbnone\u00a0\u00bb column_border_style=\u00a0\u00bbsolid\u00a0\u00bb bg_image_animation=\u00a0\u00bbnone\u00a0\u00bb][vc_column_text...","og_url":"https:\/\/parisx.me\/fr\/contemporaryepistemology\/","og_site_name":"Paris Chrysos","article_modified_time":"2019-03-08T08:23:17+00:00","twitter_card":"summary_large_image","twitter_misc":{"Dur\u00e9e de lecture estim\u00e9e":"3 minutes"},"schema":{"@context":"https:\/\/schema.org","@graph":[{"@type":"WebPage","@id":"https:\/\/parisx.me\/fr\/contemporaryepistemology\/","url":"https:\/\/parisx.me\/fr\/contemporaryepistemology\/","name":"L\u2019AVENTURE EPISTEMOLOGIQUE CONTEMPORAINE - Paris Chrysos","isPartOf":{"@id":"https:\/\/parisx.me\/en\/#website"},"datePublished":"2019-02-28T11:58:31+00:00","dateModified":"2019-03-08T08:23:17+00:00","breadcrumb":{"@id":"https:\/\/parisx.me\/fr\/contemporaryepistemology\/#breadcrumb"},"inLanguage":"fr-FR","potentialAction":[{"@type":"ReadAction","target":["https:\/\/parisx.me\/fr\/contemporaryepistemology\/"]}]},{"@type":"BreadcrumbList","@id":"https:\/\/parisx.me\/fr\/contemporaryepistemology\/#breadcrumb","itemListElement":[{"@type":"ListItem","position":1,"name":"Home","item":"https:\/\/parisx.me\/fr\/"},{"@type":"ListItem","position":2,"name":"L\u2019AVENTURE EPISTEMOLOGIQUE CONTEMPORAINE"}]},{"@type":"WebSite","@id":"https:\/\/parisx.me\/en\/#website","url":"https:\/\/parisx.me\/en\/","name":"Paris Chrysos","description":"Personal Website","potentialAction":[{"@type":"SearchAction","target":{"@type":"EntryPoint","urlTemplate":"https:\/\/parisx.me\/en\/?s={search_term_string}"},"query-input":{"@type":"PropertyValueSpecification","valueRequired":true,"valueName":"search_term_string"}}],"inLanguage":"fr-FR"}]}},"_links":{"self":[{"href":"https:\/\/parisx.me\/fr\/wp-json\/wp\/v2\/pages\/7092","targetHints":{"allow":["GET"]}}],"collection":[{"href":"https:\/\/parisx.me\/fr\/wp-json\/wp\/v2\/pages"}],"about":[{"href":"https:\/\/parisx.me\/fr\/wp-json\/wp\/v2\/types\/page"}],"author":[{"embeddable":true,"href":"https:\/\/parisx.me\/fr\/wp-json\/wp\/v2\/users\/3"}],"replies":[{"embeddable":true,"href":"https:\/\/parisx.me\/fr\/wp-json\/wp\/v2\/comments?post=7092"}],"version-history":[{"count":7,"href":"https:\/\/parisx.me\/fr\/wp-json\/wp\/v2\/pages\/7092\/revisions"}],"predecessor-version":[{"id":7305,"href":"https:\/\/parisx.me\/fr\/wp-json\/wp\/v2\/pages\/7092\/revisions\/7305"}],"wp:attachment":[{"href":"https:\/\/parisx.me\/fr\/wp-json\/wp\/v2\/media?parent=7092"}],"curies":[{"name":"wp","href":"https:\/\/api.w.org\/{rel}","templated":true}]}}