{"id":1021,"date":"2019-02-27T16:11:53","date_gmt":"2019-02-27T15:11:53","guid":{"rendered":"\/?page_id=1021"},"modified":"2024-02-20T10:40:37","modified_gmt":"2024-02-20T09:40:37","slug":"about","status":"publish","type":"page","link":"https:\/\/parisx.me\/fr\/about\/","title":{"rendered":"\u00c0 PROPOS"},"content":{"rendered":"[vc_row type=\u00a0\u00bbfull_width_background\u00a0\u00bb full_screen_row_position=\u00a0\u00bbmiddle\u00a0\u00bb column_margin=\u00a0\u00bbdefault\u00a0\u00bb column_direction=\u00a0\u00bbdefault\u00a0\u00bb column_direction_tablet=\u00a0\u00bbdefault\u00a0\u00bb column_direction_phone=\u00a0\u00bbdefault\u00a0\u00bb bg_color=\u00a0\u00bb#000000&Prime; full_height=\u00a0\u00bbyes\u00a0\u00bb scene_position=\u00a0\u00bbcenter\u00a0\u00bb text_color=\u00a0\u00bbdark\u00a0\u00bb text_align=\u00a0\u00bbleft\u00a0\u00bb row_border_radius=\u00a0\u00bbnone\u00a0\u00bb row_border_radius_applies=\u00a0\u00bbbg\u00a0\u00bb overflow=\u00a0\u00bbvisible\u00a0\u00bb advanced_gradient_angle=\u00a0\u00bb0&Prime; overlay_strength=\u00a0\u00bb0.3&Prime; gradient_direction=\u00a0\u00bbleft_to_right\u00a0\u00bb shape_divider_position=\u00a0\u00bbbottom\u00a0\u00bb bg_image_animation=\u00a0\u00bbnone\u00a0\u00bb shape_type=\u00a0\u00bb\u00a0\u00bb gradient_type=\u00a0\u00bbdefault\u00a0\u00bb][vc_column column_padding=\u00a0\u00bbpadding-1-percent\u00a0\u00bb column_padding_tablet=\u00a0\u00bbinherit\u00a0\u00bb column_padding_phone=\u00a0\u00bbinherit\u00a0\u00bb column_padding_position=\u00a0\u00bbbottom\u00a0\u00bb column_element_spacing=\u00a0\u00bbdefault\u00a0\u00bb background_color_opacity=\u00a0\u00bb1&Prime; background_hover_color_opacity=\u00a0\u00bb1&Prime; column_shadow=\u00a0\u00bbnone\u00a0\u00bb column_border_radius=\u00a0\u00bbnone\u00a0\u00bb column_link_target=\u00a0\u00bb_self\u00a0\u00bb column_position=\u00a0\u00bbdefault\u00a0\u00bb gradient_direction=\u00a0\u00bbleft_to_right\u00a0\u00bb overlay_strength=\u00a0\u00bb0.3&Prime; width=\u00a0\u00bb5\/6&Prime; tablet_width_inherit=\u00a0\u00bbdefault\u00a0\u00bb tablet_text_alignment=\u00a0\u00bbdefault\u00a0\u00bb phone_text_alignment=\u00a0\u00bbdefault\u00a0\u00bb animation_type=\u00a0\u00bbdefault\u00a0\u00bb bg_image_animation=\u00a0\u00bbnone\u00a0\u00bb border_type=\u00a0\u00bbsimple\u00a0\u00bb column_border_width=\u00a0\u00bbnone\u00a0\u00bb column_border_style=\u00a0\u00bbsolid\u00a0\u00bb][vc_column_text css=\u00a0\u00bb.vc_custom_1708422026085{padding-top: 30px !important;}\u00a0\u00bb]\n<h2><span style=\"font-weight: 400; color: #b4b4b4;\">\u00c0 Propos<\/span><\/h2>\n<p><span style=\"font-weight: 400;\"><span style=\"color: #b4b4b4;\">Je Ma\u00eetre de Conf\u00e9rences au D\u00e9partement des technologies de l&rsquo;industrie num\u00e9rique, \u00e0 l&rsquo;\u00e9cole des Sciences de l&rsquo;Universit\u00e9 d&rsquo;Ath\u00e8nes (NKUA). Mes cours portent sur la gestion et l&rsquo;innovation tandis que mes recherches se concentrent sur les impacts industriels et \u00e9pist\u00e9mologiques des technologies \u00e9mergentes.<\/span><\/span><\/p>\n<p><span style=\"font-weight: 400;\"><span style=\"color: #b4b4b4;\">ng\u00e9nieur de l\u2019\u00c9cole Polytechnique d\u2019Ath\u00e8nes, j\u2019ai eu mon Master en Sociologie de l\u2019innovation avant de commencer ma th\u00e8se en Sciences de Gestion. La th\u00e8se, soutenue \u00e0 l\u2019\u00c9cole des Mines de Paris, a conceptualis\u00e9 le r\u00f4le des d\u00e9veloppeurs dans l\u2019\u00e9mergence des nouvelles industries. Elle fut parmi les premi\u00e8res recherches sur ce ph\u00e9nom\u00e8ne, sa g\u00e9n\u00e9alogie et ses modes de gestion (Hackathons, Barcamps, Forums de d\u00e9veloppeurs) du point de vue des Sciences de Gestion et a conduit \u00e0 la publication de l\u2019ouvrage \u00ab Les D\u00e9veloppeurs \u00bb (FYP, 2015).<\/span><\/span><\/p>\n<p><span style=\"font-weight: 400;\"><span style=\"color: #b4b4b4;\">J\u2019ai enseign\u00e9 l\u2019innovation aux Mines-ParisTech, \u00e0 l\u2019ISC Paris, \u00e0 l\u2019\u00c9cole Polytechnique d\u2019Ath\u00e8nes, la Shanghai Fudan University, l\u2019\u00c9cole des Beaux Arts d\u2019Ath\u00e8nes, j\u2019ai pr\u00e9sent\u00e9 mes travaux de recherches dans plusieurs universit\u00e9s (ETH Zurich, \u00c9cole des Hautes \u00c9tudes En Sciences Sociales, MIT, Arizona State University, Universit\u00e9 d\u2019Ath\u00e8nes, University of East London) et conf\u00e9rences internationales (European Academy of Management, Open and User Innovation, European Group for Organization Studies, Innovation and Product Development Management Conference et autres).<\/span><\/span><\/p>\n<p><span style=\"font-weight: 400;\"><span style=\"color: #b4b4b4;\">Ma recherche est \u00e9galement publi\u00e9e dans des revues internationales (Natures, Sciences et Soci\u00e9t\u00e9s, First Monday, International Journal of Organization Design and Engineering). J\u2019ai organis\u00e9 des conf\u00e9rences internationales autour de l\u2019innovation et j\u2019ai dirig\u00e9 l\u2019ouvrage \u00ab L\u2019aventure \u00e9pist\u00e9mologique contemporaine \u00bb, paru aux \u00c9ditions Kim\u00e9, Paris. J\u2019ai \u00e9galement particip\u00e9 dans examen de plusieurs papiers scientifiques (peer reviewing), ainsi que dans le mentoring et l\u2019\u00e9valuation des startups. En outre, j\u2019ai fait du conseil en mati\u00e8re de l\u2019innovation pour des grandes groupes industriels.<\/span><\/span><\/p>\n<p><span style=\"font-weight: 400;\"><span style=\"color: #b4b4b4;\">J&rsquo;\u00e9tais chercheur invit\u00e9 au Center for Organizational Research and Design de la School of Public Affairs de l\u2019Arizona State University ainsi qu\u2019\u00e0 l\u2019\u00c9cole Polytechnique d\u2019Ath\u00e8nes. Je fus \u00e9galement Vice-Pr\u00e9sident de l\u2019Organisation Hell\u00e9nique de la Propri\u00e9t\u00e9 Industrielle et j&rsquo;ai repr\u00e9sent\u00e9 la Gr\u00e8ce dans les groupes de l&rsquo;OCDE sur les technologies\u00a0 du num\u00e9rique (semi-conducteurs, technologies quantiques). J&rsquo;ai contribu\u00e9 \u00e0 la conception d&rsquo;enqu\u00eates nationales sur la transformation num\u00e9rique des entreprises et j&rsquo;ai coordonn\u00e9 des projets nationaux et europ\u00e9ens de collaboration en mati\u00e8re de recherche.. J&rsquo;ai \u00e9galement travaill\u00e9 dans le domaine de la gestion de l&rsquo;innovation\u00a0 et du conseil pour des start-ups et des grandes entreprises..<\/span><\/span><\/p>\n<p><span style=\"font-weight: 400;\"><span style=\"color: #b4b4b4;\">\u00a0<\/span><\/span>[\/vc_column_text][\/vc_column][vc_column column_padding=\u00a0\u00bbno-extra-padding\u00a0\u00bb column_padding_tablet=\u00a0\u00bbinherit\u00a0\u00bb column_padding_phone=\u00a0\u00bbinherit\u00a0\u00bb column_padding_position=\u00a0\u00bball\u00a0\u00bb top_margin=\u00a0\u00bb50&Prime; column_element_spacing=\u00a0\u00bbdefault\u00a0\u00bb background_color_opacity=\u00a0\u00bb1&Prime; background_hover_color_opacity=\u00a0\u00bb1&Prime; background_image=\u00a0\u00bb6921&Prime; background_image_position=\u00a0\u00bbcenter center\u00a0\u00bb background_image_loading=\u00a0\u00bbdefault\u00a0\u00bb column_shadow=\u00a0\u00bbnone\u00a0\u00bb column_border_radius=\u00a0\u00bbnone\u00a0\u00bb column_link_target=\u00a0\u00bb_self\u00a0\u00bb column_position=\u00a0\u00bbdefault\u00a0\u00bb gradient_direction=\u00a0\u00bbleft_to_right\u00a0\u00bb overlay_strength=\u00a0\u00bb0.3&Prime; width=\u00a0\u00bb1\/6&Prime; tablet_width_inherit=\u00a0\u00bbdefault\u00a0\u00bb tablet_text_alignment=\u00a0\u00bbdefault\u00a0\u00bb phone_text_alignment=\u00a0\u00bbdefault\u00a0\u00bb animation_type=\u00a0\u00bbdefault\u00a0\u00bb bg_image_animation=\u00a0\u00bbnone\u00a0\u00bb border_type=\u00a0\u00bbsimple\u00a0\u00bb column_border_width=\u00a0\u00bbnone\u00a0\u00bb column_border_style=\u00a0\u00bbsolid\u00a0\u00bb][image_with_animation image_url=\u00a0\u00bb1031&Prime; image_size=\u00a0\u00bbfull\u00a0\u00bb animation_type=\u00a0\u00bbentrance\u00a0\u00bb animation=\u00a0\u00bbFade In\u00a0\u00bb hover_animation=\u00a0\u00bbnone\u00a0\u00bb alignment=\u00a0\u00bbcenter\u00a0\u00bb border_radius=\u00a0\u00bbnone\u00a0\u00bb box_shadow=\u00a0\u00bbnone\u00a0\u00bb image_loading=\u00a0\u00bbdefault\u00a0\u00bb max_width=\u00a0\u00bb100%\u00a0\u00bb max_width_mobile=\u00a0\u00bbdefault\u00a0\u00bb][\/vc_column][\/vc_row]\n","protected":false},"excerpt":{"rendered":"<p>[vc_row type=\u00a0\u00bbfull_width_background\u00a0\u00bb full_screen_row_position=\u00a0\u00bbmiddle\u00a0\u00bb column_margin=\u00a0\u00bbdefault\u00a0\u00bb column_direction=\u00a0\u00bbdefault\u00a0\u00bb column_direction_tablet=\u00a0\u00bbdefault\u00a0\u00bb column_direction_phone=\u00a0\u00bbdefault\u00a0\u00bb bg_color=\u00a0\u00bb#000000&Prime; full_height=\u00a0\u00bbyes\u00a0\u00bb scene_position=\u00a0\u00bbcenter\u00a0\u00bb text_color=\u00a0\u00bbdark\u00a0\u00bb text_align=\u00a0\u00bbleft\u00a0\u00bb row_border_radius=\u00a0\u00bbnone\u00a0\u00bb row_border_radius_applies=\u00a0\u00bbbg\u00a0\u00bb overflow=\u00a0\u00bbvisible\u00a0\u00bb advanced_gradient_angle=\u00a0\u00bb0&Prime; overlay_strength=\u00a0\u00bb0.3&Prime; gradient_direction=\u00a0\u00bbleft_to_right\u00a0\u00bb shape_divider_position=\u00a0\u00bbbottom\u00a0\u00bb bg_image_animation=\u00a0\u00bbnone\u00a0\u00bb shape_type=\u00a0\u00bb\u00a0\u00bb gradient_type=\u00a0\u00bbdefault\u00a0\u00bb][vc_column column_padding=\u00a0\u00bbpadding-1-percent\u00a0\u00bb column_padding_tablet=\u00a0\u00bbinherit\u00a0\u00bb column_padding_phone=\u00a0\u00bbinherit\u00a0\u00bb&#8230;<\/p>\n","protected":false},"author":3,"featured_media":0,"parent":0,"menu_order":0,"comment_status":"closed","ping_status":"closed","template":"","meta":{"footnotes":""},"class_list":["post-1021","page","type-page","status-publish"],"yoast_head":"<!-- This site is optimized with the Yoast SEO plugin v26.1.1 - https:\/\/yoast.com\/wordpress\/plugins\/seo\/ -->\n<title>\u00c0 PROPOS - Paris Chrysos<\/title>\n<meta name=\"robots\" content=\"index, follow, max-snippet:-1, max-image-preview:large, max-video-preview:-1\" \/>\n<link rel=\"canonical\" href=\"https:\/\/parisx.me\/fr\/about\/\" \/>\n<meta property=\"og:locale\" content=\"fr_FR\" \/>\n<meta property=\"og:type\" content=\"article\" \/>\n<meta property=\"og:title\" content=\"\u00c0 PROPOS - Paris Chrysos\" \/>\n<meta property=\"og:description\" content=\"[vc_row type=\u00a0\u00bbfull_width_background\u00a0\u00bb full_screen_row_position=\u00a0\u00bbmiddle\u00a0\u00bb column_margin=\u00a0\u00bbdefault\u00a0\u00bb column_direction=\u00a0\u00bbdefault\u00a0\u00bb column_direction_tablet=\u00a0\u00bbdefault\u00a0\u00bb column_direction_phone=\u00a0\u00bbdefault\u00a0\u00bb bg_color=\u00a0\u00bb#000000&Prime; full_height=\u00a0\u00bbyes\u00a0\u00bb scene_position=\u00a0\u00bbcenter\u00a0\u00bb text_color=\u00a0\u00bbdark\u00a0\u00bb text_align=\u00a0\u00bbleft\u00a0\u00bb row_border_radius=\u00a0\u00bbnone\u00a0\u00bb row_border_radius_applies=\u00a0\u00bbbg\u00a0\u00bb overflow=\u00a0\u00bbvisible\u00a0\u00bb advanced_gradient_angle=\u00a0\u00bb0&Prime; overlay_strength=\u00a0\u00bb0.3&Prime; gradient_direction=\u00a0\u00bbleft_to_right\u00a0\u00bb shape_divider_position=\u00a0\u00bbbottom\u00a0\u00bb bg_image_animation=\u00a0\u00bbnone\u00a0\u00bb shape_type=\u00a0\u00bb\u00a0\u00bb gradient_type=\u00a0\u00bbdefault\u00a0\u00bb][vc_column column_padding=\u00a0\u00bbpadding-1-percent\u00a0\u00bb column_padding_tablet=\u00a0\u00bbinherit\u00a0\u00bb column_padding_phone=\u00a0\u00bbinherit\u00a0\u00bb...\" \/>\n<meta property=\"og:url\" content=\"https:\/\/parisx.me\/fr\/about\/\" \/>\n<meta property=\"og:site_name\" content=\"Paris Chrysos\" \/>\n<meta property=\"article:modified_time\" content=\"2024-02-20T09:40:37+00:00\" \/>\n<meta name=\"twitter:card\" content=\"summary_large_image\" \/>\n<meta name=\"twitter:label1\" content=\"Dur\u00e9e de lecture estim\u00e9e\" \/>\n\t<meta name=\"twitter:data1\" content=\"3 minutes\" \/>\n<script type=\"application\/ld+json\" class=\"yoast-schema-graph\">{\"@context\":\"https:\/\/schema.org\",\"@graph\":[{\"@type\":\"WebPage\",\"@id\":\"https:\/\/parisx.me\/fr\/about\/\",\"url\":\"https:\/\/parisx.me\/fr\/about\/\",\"name\":\"\u00c0 PROPOS - Paris Chrysos\",\"isPartOf\":{\"@id\":\"https:\/\/parisx.me\/en\/#website\"},\"datePublished\":\"2019-02-27T15:11:53+00:00\",\"dateModified\":\"2024-02-20T09:40:37+00:00\",\"breadcrumb\":{\"@id\":\"https:\/\/parisx.me\/fr\/about\/#breadcrumb\"},\"inLanguage\":\"fr-FR\",\"potentialAction\":[{\"@type\":\"ReadAction\",\"target\":[\"https:\/\/parisx.me\/fr\/about\/\"]}]},{\"@type\":\"BreadcrumbList\",\"@id\":\"https:\/\/parisx.me\/fr\/about\/#breadcrumb\",\"itemListElement\":[{\"@type\":\"ListItem\",\"position\":1,\"name\":\"Home\",\"item\":\"https:\/\/parisx.me\/fr\/\"},{\"@type\":\"ListItem\",\"position\":2,\"name\":\"\u00c0 PROPOS\"}]},{\"@type\":\"WebSite\",\"@id\":\"https:\/\/parisx.me\/en\/#website\",\"url\":\"https:\/\/parisx.me\/en\/\",\"name\":\"Paris Chrysos\",\"description\":\"Personal Website\",\"potentialAction\":[{\"@type\":\"SearchAction\",\"target\":{\"@type\":\"EntryPoint\",\"urlTemplate\":\"https:\/\/parisx.me\/en\/?s={search_term_string}\"},\"query-input\":{\"@type\":\"PropertyValueSpecification\",\"valueRequired\":true,\"valueName\":\"search_term_string\"}}],\"inLanguage\":\"fr-FR\"}]}<\/script>\n<!-- \/ Yoast SEO plugin. -->","yoast_head_json":{"title":"\u00c0 PROPOS - Paris Chrysos","robots":{"index":"index","follow":"follow","max-snippet":"max-snippet:-1","max-image-preview":"max-image-preview:large","max-video-preview":"max-video-preview:-1"},"canonical":"https:\/\/parisx.me\/fr\/about\/","og_locale":"fr_FR","og_type":"article","og_title":"\u00c0 PROPOS - Paris Chrysos","og_description":"[vc_row type=\u00a0\u00bbfull_width_background\u00a0\u00bb full_screen_row_position=\u00a0\u00bbmiddle\u00a0\u00bb column_margin=\u00a0\u00bbdefault\u00a0\u00bb column_direction=\u00a0\u00bbdefault\u00a0\u00bb column_direction_tablet=\u00a0\u00bbdefault\u00a0\u00bb column_direction_phone=\u00a0\u00bbdefault\u00a0\u00bb bg_color=\u00a0\u00bb#000000&Prime; full_height=\u00a0\u00bbyes\u00a0\u00bb scene_position=\u00a0\u00bbcenter\u00a0\u00bb text_color=\u00a0\u00bbdark\u00a0\u00bb text_align=\u00a0\u00bbleft\u00a0\u00bb row_border_radius=\u00a0\u00bbnone\u00a0\u00bb row_border_radius_applies=\u00a0\u00bbbg\u00a0\u00bb overflow=\u00a0\u00bbvisible\u00a0\u00bb advanced_gradient_angle=\u00a0\u00bb0&Prime; overlay_strength=\u00a0\u00bb0.3&Prime; gradient_direction=\u00a0\u00bbleft_to_right\u00a0\u00bb shape_divider_position=\u00a0\u00bbbottom\u00a0\u00bb bg_image_animation=\u00a0\u00bbnone\u00a0\u00bb shape_type=\u00a0\u00bb\u00a0\u00bb gradient_type=\u00a0\u00bbdefault\u00a0\u00bb][vc_column column_padding=\u00a0\u00bbpadding-1-percent\u00a0\u00bb column_padding_tablet=\u00a0\u00bbinherit\u00a0\u00bb column_padding_phone=\u00a0\u00bbinherit\u00a0\u00bb...","og_url":"https:\/\/parisx.me\/fr\/about\/","og_site_name":"Paris Chrysos","article_modified_time":"2024-02-20T09:40:37+00:00","twitter_card":"summary_large_image","twitter_misc":{"Dur\u00e9e de lecture estim\u00e9e":"3 minutes"},"schema":{"@context":"https:\/\/schema.org","@graph":[{"@type":"WebPage","@id":"https:\/\/parisx.me\/fr\/about\/","url":"https:\/\/parisx.me\/fr\/about\/","name":"\u00c0 PROPOS - Paris Chrysos","isPartOf":{"@id":"https:\/\/parisx.me\/en\/#website"},"datePublished":"2019-02-27T15:11:53+00:00","dateModified":"2024-02-20T09:40:37+00:00","breadcrumb":{"@id":"https:\/\/parisx.me\/fr\/about\/#breadcrumb"},"inLanguage":"fr-FR","potentialAction":[{"@type":"ReadAction","target":["https:\/\/parisx.me\/fr\/about\/"]}]},{"@type":"BreadcrumbList","@id":"https:\/\/parisx.me\/fr\/about\/#breadcrumb","itemListElement":[{"@type":"ListItem","position":1,"name":"Home","item":"https:\/\/parisx.me\/fr\/"},{"@type":"ListItem","position":2,"name":"\u00c0 PROPOS"}]},{"@type":"WebSite","@id":"https:\/\/parisx.me\/en\/#website","url":"https:\/\/parisx.me\/en\/","name":"Paris Chrysos","description":"Personal Website","potentialAction":[{"@type":"SearchAction","target":{"@type":"EntryPoint","urlTemplate":"https:\/\/parisx.me\/en\/?s={search_term_string}"},"query-input":{"@type":"PropertyValueSpecification","valueRequired":true,"valueName":"search_term_string"}}],"inLanguage":"fr-FR"}]}},"_links":{"self":[{"href":"https:\/\/parisx.me\/fr\/wp-json\/wp\/v2\/pages\/1021","targetHints":{"allow":["GET"]}}],"collection":[{"href":"https:\/\/parisx.me\/fr\/wp-json\/wp\/v2\/pages"}],"about":[{"href":"https:\/\/parisx.me\/fr\/wp-json\/wp\/v2\/types\/page"}],"author":[{"embeddable":true,"href":"https:\/\/parisx.me\/fr\/wp-json\/wp\/v2\/users\/3"}],"replies":[{"embeddable":true,"href":"https:\/\/parisx.me\/fr\/wp-json\/wp\/v2\/comments?post=1021"}],"version-history":[{"count":14,"href":"https:\/\/parisx.me\/fr\/wp-json\/wp\/v2\/pages\/1021\/revisions"}],"predecessor-version":[{"id":7671,"href":"https:\/\/parisx.me\/fr\/wp-json\/wp\/v2\/pages\/1021\/revisions\/7671"}],"wp:attachment":[{"href":"https:\/\/parisx.me\/fr\/wp-json\/wp\/v2\/media?parent=1021"}],"curies":[{"name":"wp","href":"https:\/\/api.w.org\/{rel}","templated":true}]}}