{"id":7090,"date":"2019-02-28T12:57:26","date_gmt":"2019-02-28T11:57:26","guid":{"rendered":"\/?page_id=7090"},"modified":"2019-03-08T09:18:09","modified_gmt":"2019-03-08T08:18:09","slug":"contemporaryepistemology","status":"publish","type":"page","link":"https:\/\/parisx.me\/en\/contemporaryepistemology\/","title":{"rendered":"THE CONTEMPORARY EPISTEMOLOGICAL ADVENTURE"},"content":{"rendered":"[vc_row type=&#8221;full_width_background&#8221; full_screen_row_position=&#8221;middle&#8221; bg_color=&#8221;#000000&#8243; scene_position=&#8221;center&#8221; text_color=&#8221;dark&#8221; text_align=&#8221;left&#8221; overlay_strength=&#8221;0.3&#8243; shape_divider_position=&#8221;bottom&#8221; bg_image_animation=&#8221;none&#8221; shape_type=&#8221;&#8221;][vc_column column_padding=&#8221;no-extra-padding&#8221; column_padding_position=&#8221;all&#8221; background_color_opacity=&#8221;1&#8243; background_hover_color_opacity=&#8221;1&#8243; column_link_target=&#8221;_self&#8221; column_shadow=&#8221;none&#8221; column_border_radius=&#8221;none&#8221; width=&#8221;1\/1&#8243; tablet_width_inherit=&#8221;default&#8221; tablet_text_alignment=&#8221;default&#8221; phone_text_alignment=&#8221;default&#8221; column_border_width=&#8221;none&#8221; column_border_style=&#8221;solid&#8221; bg_image_animation=&#8221;none&#8221;][vc_column_text css=&#8221;.vc_custom_1551520395807{padding-top: 50px !important;}&#8221;]\n<h2 style=\"text-align: center;\"><span style=\"color: #b4b4b4;\">THE CONTEMPORARY EPISTEMOLOGICAL ADVENTUR\u0395<\/span><\/h2>\n<h3 style=\"text-align: center;\"><span style=\"color: #b4b4b4;\">Gathering around the works of Anne-Fran\u00e7oise Schmit<\/span><\/h3>\n[\/vc_column_text][vc_column_text css=&#8221;.vc_custom_1552033071412{padding-bottom: 100px !important;}&#8221;]\n<p style=\"text-align: center;\"><span style=\"font-weight: 400; color: #b4b4b4;\"><a href=\"https:\/\/www.editionskime.fr\/publications\/laventure-epistemologique-contemporaine\/\" target=\"_blank\" rel=\"noopener noreferrer\">Kim\u00e9 Editions<\/a>, 2019, 364 pages. <\/span><\/p>\n<p style=\"text-align: center;\"><span style=\"font-weight: 400; color: #b4b4b4;\">Coordination: Paris Chrysos and Annie Gent\u00e8s.<\/span><\/p>\n<p>&nbsp;<\/p>\n<p><span style=\"font-weight: 400; color: #b4b4b4;\">The encounters with the works of Anne-Fran\u00e7oise Schmid presented in this book put generic epistemology at the heart of the contemporary scientific practices, thus opening a new way for the epistemological creation.<\/span><\/p>\n<ul>\n<li style=\"font-weight: 400;\"><span style=\"font-weight: 400; color: #b4b4b4;\">How to produce a non-disciplinary description of sciences?<\/span><\/li>\n<li style=\"font-weight: 400;\"><span style=\"font-weight: 400; color: #b4b4b4;\">How is design enabled in sciences?<\/span><\/li>\n<li style=\"font-weight: 400;\"><span style=\"font-weight: 400; color: #b4b4b4;\">What does it take to have sciences without exclusions?<\/span><\/li>\n<li style=\"font-weight: 400;\"><span style=\"font-weight: 400; color: #b4b4b4;\">Which are the new rigorousness operators of the contemporary sciences?<\/span><\/li>\n<\/ul>\n<p><span style=\"font-weight: 400; color: #b4b4b4;\">The works of Anne-Fran\u00e7oise Schmid show that contemporary scientific objects can\u2019t be defined in a standard way, and that the convergence of disciplinary perspective can\u2019t ensure but multiple and particular trajectories, rather than a unified theoretical view. There\u2019s no object without a relationship to the object. This relationship is not only a contextualisation; it\u2019s an interplay between the intimate and the intention of the researchers with the object. Disciplines hide this aspect.<\/span><\/p>\n<p><span style=\"font-weight: 400; color: #b4b4b4;\">Her philosophy sheds light to operations enabling the opening of the generic space: a space that doesn\u2019t depend on a single discipline, but constitutes a condition for the linking of human and scientific concepts.<\/span><\/p>\n<p><span style=\"font-weight: 400; color: #b4b4b4;\">The contributions of this book illustrate the new logics of carving, re-articulating and inventing of concepts within different disciplinary fields.<\/span><\/p>\n<p>&nbsp;<\/p>\n<p><span style=\"font-weight: 400; color: #b4b4b4;\">With the contributions of Paris Chrysos, L\u00e9o Coutellec, Jean-Claude Dumoncel, Annie Gent\u00e8s, Armand Hatchuel, Fran\u00e7ois Laruelle, Robin Mackay, Muriel Mambrini-Doudet, Nicole Mathieu, Avner Perez, Marie-Genevi\u00e8ve Pinsart, Enrique Sanchez-Albarracin, Oliver Schlaudt, Anne-Fran\u00e7oise Schmid<\/span><\/p>\n<p><span style=\"font-weight: 400; color: #b4b4b4;\">and the support of <a href=\"https:\/\/www.mines-paristech.fr\/\" target=\"_blank\" rel=\"noopener noreferrer\">Mines-ParisTech<\/a>, <a href=\"https:\/\/www.telecom-paristech.fr\/\" target=\"_blank\" rel=\"noopener noreferrer\">T\u00e9l\u00e9com-ParisTech<\/a> and <a href=\"https:\/\/www.iscparis.com\/\" target=\"_blank\" rel=\"noopener noreferrer\">ISC Paris<\/a>..<\/span>[\/vc_column_text][\/vc_column][\/vc_row][vc_row type=&#8221;full_width_content&#8221; full_screen_row_position=&#8221;middle&#8221; bg_color=&#8221;#000000&#8243; scene_position=&#8221;center&#8221; text_color=&#8221;dark&#8221; text_align=&#8221;left&#8221; overlay_strength=&#8221;0.3&#8243; shape_divider_position=&#8221;bottom&#8221; bg_image_animation=&#8221;none&#8221; shape_type=&#8221;&#8221;][vc_column column_padding=&#8221;no-extra-padding&#8221; column_padding_position=&#8221;all&#8221; background_color_opacity=&#8221;1&#8243; background_hover_color_opacity=&#8221;1&#8243; column_link_target=&#8221;_self&#8221; column_shadow=&#8221;none&#8221; column_border_radius=&#8221;none&#8221; width=&#8221;1\/1&#8243; tablet_width_inherit=&#8221;default&#8221; tablet_text_alignment=&#8221;default&#8221; phone_text_alignment=&#8221;default&#8221; column_border_width=&#8221;none&#8221; column_border_style=&#8221;solid&#8221; bg_image_animation=&#8221;none&#8221;][vc_column_text]<div class=\"real3dflipbook\" id=\"2_69e20f0dadd2b\" style=\"position:absolute;\"><\/div>[\/vc_column_text][\/vc_column][\/vc_row]\n","protected":false},"excerpt":{"rendered":"<p>[vc_row type=&#8221;full_width_background&#8221; full_screen_row_position=&#8221;middle&#8221; bg_color=&#8221;#000000&#8243; scene_position=&#8221;center&#8221; text_color=&#8221;dark&#8221; text_align=&#8221;left&#8221; overlay_strength=&#8221;0.3&#8243; shape_divider_position=&#8221;bottom&#8221; bg_image_animation=&#8221;none&#8221; shape_type=&#8221;&#8221;][vc_column column_padding=&#8221;no-extra-padding&#8221; column_padding_position=&#8221;all&#8221; background_color_opacity=&#8221;1&#8243; background_hover_color_opacity=&#8221;1&#8243; column_link_target=&#8221;_self&#8221; column_shadow=&#8221;none&#8221; column_border_radius=&#8221;none&#8221; width=&#8221;1\/1&#8243; tablet_width_inherit=&#8221;default&#8221; tablet_text_alignment=&#8221;default&#8221; phone_text_alignment=&#8221;default&#8221; column_border_width=&#8221;none&#8221; column_border_style=&#8221;solid&#8221; bg_image_animation=&#8221;none&#8221;][vc_column_text&#8230;<\/p>\n","protected":false},"author":3,"featured_media":0,"parent":0,"menu_order":0,"comment_status":"closed","ping_status":"closed","template":"","meta":{"footnotes":""},"class_list":["post-7090","page","type-page","status-publish"],"yoast_head":"<!-- This site is optimized with the Yoast SEO plugin v26.1.1 - https:\/\/yoast.com\/wordpress\/plugins\/seo\/ -->\n<title>THE CONTEMPORARY EPISTEMOLOGICAL ADVENTURE - Paris Chrysos<\/title>\n<meta name=\"robots\" content=\"index, follow, max-snippet:-1, max-image-preview:large, max-video-preview:-1\" \/>\n<link rel=\"canonical\" href=\"https:\/\/parisx.me\/en\/contemporaryepistemology\/\" \/>\n<meta property=\"og:locale\" content=\"en_US\" \/>\n<meta property=\"og:type\" content=\"article\" \/>\n<meta property=\"og:title\" content=\"THE CONTEMPORARY EPISTEMOLOGICAL ADVENTURE - Paris Chrysos\" \/>\n<meta property=\"og:description\" content=\"[vc_row type=&#8221;full_width_background&#8221; full_screen_row_position=&#8221;middle&#8221; bg_color=&#8221;#000000&#8243; scene_position=&#8221;center&#8221; text_color=&#8221;dark&#8221; text_align=&#8221;left&#8221; overlay_strength=&#8221;0.3&#8243; shape_divider_position=&#8221;bottom&#8221; bg_image_animation=&#8221;none&#8221; shape_type=&#8221;&#8221;][vc_column column_padding=&#8221;no-extra-padding&#8221; column_padding_position=&#8221;all&#8221; background_color_opacity=&#8221;1&#8243; background_hover_color_opacity=&#8221;1&#8243; column_link_target=&#8221;_self&#8221; column_shadow=&#8221;none&#8221; column_border_radius=&#8221;none&#8221; width=&#8221;1\/1&#8243; tablet_width_inherit=&#8221;default&#8221; tablet_text_alignment=&#8221;default&#8221; phone_text_alignment=&#8221;default&#8221; column_border_width=&#8221;none&#8221; column_border_style=&#8221;solid&#8221; bg_image_animation=&#8221;none&#8221;][vc_column_text...\" \/>\n<meta property=\"og:url\" content=\"https:\/\/parisx.me\/en\/contemporaryepistemology\/\" \/>\n<meta property=\"og:site_name\" content=\"Paris Chrysos\" \/>\n<meta property=\"article:modified_time\" content=\"2019-03-08T08:18:09+00:00\" \/>\n<meta name=\"twitter:card\" content=\"summary_large_image\" \/>\n<meta name=\"twitter:label1\" content=\"Est. reading time\" \/>\n\t<meta name=\"twitter:data1\" content=\"2 minutes\" \/>\n<script type=\"application\/ld+json\" class=\"yoast-schema-graph\">{\"@context\":\"https:\/\/schema.org\",\"@graph\":[{\"@type\":\"WebPage\",\"@id\":\"https:\/\/parisx.me\/en\/contemporaryepistemology\/\",\"url\":\"https:\/\/parisx.me\/en\/contemporaryepistemology\/\",\"name\":\"THE CONTEMPORARY EPISTEMOLOGICAL ADVENTURE - Paris Chrysos\",\"isPartOf\":{\"@id\":\"https:\/\/parisx.me\/en\/#website\"},\"datePublished\":\"2019-02-28T11:57:26+00:00\",\"dateModified\":\"2019-03-08T08:18:09+00:00\",\"breadcrumb\":{\"@id\":\"https:\/\/parisx.me\/en\/contemporaryepistemology\/#breadcrumb\"},\"inLanguage\":\"en-US\",\"potentialAction\":[{\"@type\":\"ReadAction\",\"target\":[\"https:\/\/parisx.me\/en\/contemporaryepistemology\/\"]}]},{\"@type\":\"BreadcrumbList\",\"@id\":\"https:\/\/parisx.me\/en\/contemporaryepistemology\/#breadcrumb\",\"itemListElement\":[{\"@type\":\"ListItem\",\"position\":1,\"name\":\"Home\",\"item\":\"https:\/\/parisx.me\/en\/\"},{\"@type\":\"ListItem\",\"position\":2,\"name\":\"THE CONTEMPORARY EPISTEMOLOGICAL ADVENTURE\"}]},{\"@type\":\"WebSite\",\"@id\":\"https:\/\/parisx.me\/en\/#website\",\"url\":\"https:\/\/parisx.me\/en\/\",\"name\":\"Paris Chrysos\",\"description\":\"Personal Website\",\"potentialAction\":[{\"@type\":\"SearchAction\",\"target\":{\"@type\":\"EntryPoint\",\"urlTemplate\":\"https:\/\/parisx.me\/en\/?s={search_term_string}\"},\"query-input\":{\"@type\":\"PropertyValueSpecification\",\"valueRequired\":true,\"valueName\":\"search_term_string\"}}],\"inLanguage\":\"en-US\"}]}<\/script>\n<!-- \/ Yoast SEO plugin. -->","yoast_head_json":{"title":"THE CONTEMPORARY EPISTEMOLOGICAL ADVENTURE - Paris Chrysos","robots":{"index":"index","follow":"follow","max-snippet":"max-snippet:-1","max-image-preview":"max-image-preview:large","max-video-preview":"max-video-preview:-1"},"canonical":"https:\/\/parisx.me\/en\/contemporaryepistemology\/","og_locale":"en_US","og_type":"article","og_title":"THE CONTEMPORARY EPISTEMOLOGICAL ADVENTURE - Paris Chrysos","og_description":"[vc_row type=&#8221;full_width_background&#8221; full_screen_row_position=&#8221;middle&#8221; bg_color=&#8221;#000000&#8243; scene_position=&#8221;center&#8221; text_color=&#8221;dark&#8221; text_align=&#8221;left&#8221; overlay_strength=&#8221;0.3&#8243; shape_divider_position=&#8221;bottom&#8221; bg_image_animation=&#8221;none&#8221; shape_type=&#8221;&#8221;][vc_column column_padding=&#8221;no-extra-padding&#8221; column_padding_position=&#8221;all&#8221; background_color_opacity=&#8221;1&#8243; background_hover_color_opacity=&#8221;1&#8243; column_link_target=&#8221;_self&#8221; column_shadow=&#8221;none&#8221; column_border_radius=&#8221;none&#8221; width=&#8221;1\/1&#8243; tablet_width_inherit=&#8221;default&#8221; tablet_text_alignment=&#8221;default&#8221; phone_text_alignment=&#8221;default&#8221; column_border_width=&#8221;none&#8221; column_border_style=&#8221;solid&#8221; bg_image_animation=&#8221;none&#8221;][vc_column_text...","og_url":"https:\/\/parisx.me\/en\/contemporaryepistemology\/","og_site_name":"Paris Chrysos","article_modified_time":"2019-03-08T08:18:09+00:00","twitter_card":"summary_large_image","twitter_misc":{"Est. reading time":"2 minutes"},"schema":{"@context":"https:\/\/schema.org","@graph":[{"@type":"WebPage","@id":"https:\/\/parisx.me\/en\/contemporaryepistemology\/","url":"https:\/\/parisx.me\/en\/contemporaryepistemology\/","name":"THE CONTEMPORARY EPISTEMOLOGICAL ADVENTURE - Paris Chrysos","isPartOf":{"@id":"https:\/\/parisx.me\/en\/#website"},"datePublished":"2019-02-28T11:57:26+00:00","dateModified":"2019-03-08T08:18:09+00:00","breadcrumb":{"@id":"https:\/\/parisx.me\/en\/contemporaryepistemology\/#breadcrumb"},"inLanguage":"en-US","potentialAction":[{"@type":"ReadAction","target":["https:\/\/parisx.me\/en\/contemporaryepistemology\/"]}]},{"@type":"BreadcrumbList","@id":"https:\/\/parisx.me\/en\/contemporaryepistemology\/#breadcrumb","itemListElement":[{"@type":"ListItem","position":1,"name":"Home","item":"https:\/\/parisx.me\/en\/"},{"@type":"ListItem","position":2,"name":"THE CONTEMPORARY EPISTEMOLOGICAL ADVENTURE"}]},{"@type":"WebSite","@id":"https:\/\/parisx.me\/en\/#website","url":"https:\/\/parisx.me\/en\/","name":"Paris Chrysos","description":"Personal Website","potentialAction":[{"@type":"SearchAction","target":{"@type":"EntryPoint","urlTemplate":"https:\/\/parisx.me\/en\/?s={search_term_string}"},"query-input":{"@type":"PropertyValueSpecification","valueRequired":true,"valueName":"search_term_string"}}],"inLanguage":"en-US"}]}},"_links":{"self":[{"href":"https:\/\/parisx.me\/en\/wp-json\/wp\/v2\/pages\/7090","targetHints":{"allow":["GET"]}}],"collection":[{"href":"https:\/\/parisx.me\/en\/wp-json\/wp\/v2\/pages"}],"about":[{"href":"https:\/\/parisx.me\/en\/wp-json\/wp\/v2\/types\/page"}],"author":[{"embeddable":true,"href":"https:\/\/parisx.me\/en\/wp-json\/wp\/v2\/users\/3"}],"replies":[{"embeddable":true,"href":"https:\/\/parisx.me\/en\/wp-json\/wp\/v2\/comments?post=7090"}],"version-history":[{"count":6,"href":"https:\/\/parisx.me\/en\/wp-json\/wp\/v2\/pages\/7090\/revisions"}],"predecessor-version":[{"id":7302,"href":"https:\/\/parisx.me\/en\/wp-json\/wp\/v2\/pages\/7090\/revisions\/7302"}],"wp:attachment":[{"href":"https:\/\/parisx.me\/en\/wp-json\/wp\/v2\/media?parent=7090"}],"curies":[{"name":"wp","href":"https:\/\/api.w.org\/{rel}","templated":true}]}}